{"id":46,"date":"2023-08-12T15:09:19","date_gmt":"2023-08-12T18:09:19","guid":{"rendered":"https:\/\/dpseventos.com.br\/?page_id=46"},"modified":"2024-10-03T14:50:57","modified_gmt":"2024-10-03T17:50:57","slug":"inicial","status":"publish","type":"page","link":"https:\/\/dpseventos.com.br\/?page_id=46","title":{"rendered":"Saiba Mais"},"content":{"rendered":"\n[et_pb_section fb_built=&#8221;1&#8243; _builder_version=&#8221;4.22.0&#8243; _module_preset=&#8221;default&#8221; background_color=&#8221;#766f67&#8243; background_enable_pattern_style=&#8221;on&#8221; background_pattern_style=&#8221;checkerboard&#8221; background_pattern_size=&#8221;custom&#8221; background_pattern_width=&#8221;8px&#8221; global_colors_info=&#8221;{}&#8221;][et_pb_row _builder_version=&#8221;4.22.0&#8243; _module_preset=&#8221;default&#8221; global_colors_info=&#8221;{}&#8221;][et_pb_column type=&#8221;4_4&#8243; _builder_version=&#8221;4.22.0&#8243; _module_preset=&#8221;default&#8221; global_colors_info=&#8221;{}&#8221;][et_pb_text _builder_version=&#8221;4.22.0&#8243; _module_preset=&#8221;default&#8221; text_font_size=&#8221;25px&#8221; global_colors_info=&#8221;{}&#8221;]<p style=\"text-align: center;\"><span style=\"color: #ffffff;\"><strong>Servi\u00e7os Especializados<\/strong><\/span><\/p>[\/et_pb_text][\/et_pb_column][\/et_pb_row][et_pb_row column_structure=&#8221;1_2,1_2&#8243; _builder_version=&#8221;4.22.0&#8243; _module_preset=&#8221;default&#8221; global_colors_info=&#8221;{}&#8221;][et_pb_column type=&#8221;1_2&#8243; _builder_version=&#8221;4.22.0&#8243; _module_preset=&#8221;default&#8221; global_colors_info=&#8221;{}&#8221;][et_pb_text _builder_version=&#8221;4.22.0&#8243; _module_preset=&#8221;default&#8221; global_colors_info=&#8221;{}&#8221;]<p class=\"_04xlpA direction-ltr align-justify para-style-body\" style=\"text-align: justify;\"><span class=\"WdYUQQ text-decoration-none text-strikethrough-none\" style=\"color: #ffffff;\">Somos uma empresa que desenvolve projetos, experi\u00eancias \u00fanicas para cada cliente, desde a parte de cria\u00e7\u00e3o at\u00e9 o produto final.<\/span><\/p>\n<p class=\"_04xlpA direction-ltr align-start para-style-body\" style=\"text-align: justify;\"><span class=\"WdYUQQ text-decoration-none text-strikethrough-none\" style=\"color: #ffffff;\">Nossa miss\u00e3o \u00e9 atender com qualidade as necessidades do projeto proposto, atuando sempre na busca de novas tecnologias, com solu\u00e7\u00f5es pr\u00e1ticas e criativas e com o comprometimento para a conquista dos resultados esperados.<\/span><\/p>[\/et_pb_text][et_pb_gallery gallery_ids=&#8221;89,90,91,92,93,94,95&#8243; fullwidth=&#8221;on&#8221; _builder_version=&#8221;4.22.0&#8243; _module_preset=&#8221;default&#8221; auto=&#8221;on&#8221; auto_speed=&#8221;4500&#8243; global_colors_info=&#8221;{}&#8221;][\/et_pb_gallery][et_pb_blurb title=&#8221;Projetos&#8221; _builder_version=&#8221;4.22.0&#8243; _module_preset=&#8221;default&#8221; header_text_color=&#8221;#EDF000&#8243; global_colors_info=&#8221;{}&#8221;]<p style=\"text-align: justify;\"><span class=\"WdYUQQ text-decoration-none text-strikethrough-none\" style=\"color: #ffffff;\">Desenvolvemos projetos que s\u00e3o os elementos fundamentais no sucesso da fabrica\u00e7\u00e3o, montagem e da precis\u00e3o do or\u00e7amento, o projeto executivo ou de fabrica\u00e7\u00e3o deve ser executado, idealmente, pelo Integrador, ap\u00f3s or\u00e7amento realizado tendo como base o projeto b\u00e1sico.<\/span><\/p>\n<p style=\"text-align: justify;\"><span class=\"WdYUQQ text-decoration-none text-strikethrough-none\" style=\"color: #ffffff;\"><\/span><\/p>\n<p style=\"text-align: justify;\"><span class=\"WdYUQQ text-decoration-none text-strikethrough-none\" style=\"color: #ffffff;\">Fazemos a gest\u00e3o dos projetos, agregando melhores parceiros e fornecedores, com o intuito de viabilizar t\u00e9cnica e financeiramente todos os tipos de eventos.<\/span><\/p>[\/et_pb_blurb][et_pb_image src=&#8221;http:\/\/dpseventos.com.br\/wp-content\/uploads\/2023\/08\/Projetos-7.png&#8221; title_text=&#8221;Projetos (7)&#8221; align=&#8221;center&#8221; _builder_version=&#8221;4.22.0&#8243; _module_preset=&#8221;default&#8221; global_colors_info=&#8221;{}&#8221;][\/et_pb_image][et_pb_blurb title=&#8221;Plantas Operacionais&#8221; _builder_version=&#8221;4.22.0&#8243; _module_preset=&#8221;default&#8221; header_font=&#8221;|700|||||||&#8221; header_text_color=&#8221;#EDF000&#8243; global_colors_info=&#8221;{}&#8221;]<p class=\"_04xlpA direction-ltr align-justify para-style-body\" style=\"text-align: justify;\"><span class=\"WdYUQQ text-decoration-none text-strikethrough-none\" style=\"color: #ffffff;\">Os desenhos desenvolvidos para cada projeto representa o resultado das discuss\u00f5es durante as inspe\u00e7\u00f5es de campo coordenadas entre os envolvidos.<\/span><\/p>[\/et_pb_blurb][et_pb_blurb title=&#8221;Planilha de Quantidades&#8221; _builder_version=&#8221;4.22.0&#8243; _module_preset=&#8221;default&#8221; header_font=&#8221;|700|||||||&#8221; header_text_color=&#8221;#EDF000&#8243; global_colors_info=&#8221;{}&#8221;]<p class=\"_04xlpA direction-ltr align-start para-style-body\" style=\"text-align: justify;\"><span class=\"WdYUQQ text-decoration-none text-strikethrough-none\" style=\"color: #ffffff;\">Com base nas plantas e solu\u00e7\u00f5es de configura\u00e7\u00e3o espacial demonstradas nos projetos dos n\u00edveis.<\/span><\/p>[\/et_pb_blurb][et_pb_blurb title=&#8221;Projeto Gr\u00e1fico&#8221; _builder_version=&#8221;4.22.0&#8243; _module_preset=&#8221;default&#8221; header_font=&#8221;|700|||||||&#8221; header_text_color=&#8221;#EDF000&#8243; hover_enabled=&#8221;0&#8243; global_colors_info=&#8221;{}&#8221; sticky_enabled=&#8221;0&#8243;]<p class=\"_04xlpA direction-ltr align-start para-style-body\" style=\"text-align: justify;\"><span class=\"WdYUQQ text-decoration-none text-strikethrough-none\" style=\"color: #ffffff;\">Desenvolvemos todo o projeto gr\u00e1fico e solu\u00e7\u00f5es para o evento<\/span><\/p>[\/et_pb_blurb][\/et_pb_column][et_pb_column type=&#8221;1_2&#8243; _builder_version=&#8221;4.22.0&#8243; _module_preset=&#8221;default&#8221; global_colors_info=&#8221;{}&#8221;][et_pb_blurb title=&#8221;Descri\u00e7\u00f5es T\u00e9cnicas e Conceitos&#8221; _builder_version=&#8221;4.22.0&#8243; _module_preset=&#8221;default&#8221; header_font=&#8221;|700|||||||&#8221; header_text_color=&#8221;#EDF000&#8243; global_colors_info=&#8221;{}&#8221;]<p class=\"_04xlpA direction-ltr align-start para-style-body\" style=\"text-align: justify;\"><span class=\"WdYUQQ text-decoration-none text-strikethrough-none\" style=\"color: #ffffff;\">Caderno que acolhe diversos elementos, sistemas e acabamentos, referenciando especifica\u00e7\u00f5es de desempenho t\u00e9cnico que devem ser seguidos. Cores e tipologias s\u00e3o especificadas no sentido de se garantir a uniformidade do uso e dos acabamentos a serem empregados em todas as \u00e1reas do evento.<\/span><\/p>[\/et_pb_blurb][et_pb_gallery gallery_ids=&#8221;84,85,86,87,88&#8243; fullwidth=&#8221;on&#8221; _builder_version=&#8221;4.22.0&#8243; _module_preset=&#8221;default&#8221; auto=&#8221;on&#8221; auto_speed=&#8221;4000&#8243; global_colors_info=&#8221;{}&#8221;][\/et_pb_gallery][et_pb_blurb title=&#8221;Memoriais descritivos&#8221; _builder_version=&#8221;4.22.0&#8243; _module_preset=&#8221;default&#8221; header_font=&#8221;|700|||||||&#8221; header_text_color=&#8221;#EDF000&#8243; global_colors_info=&#8221;{}&#8221;]<p class=\"_04xlpA direction-ltr align-start para-style-body\" style=\"text-align: justify;\"><span class=\"WdYUQQ text-decoration-none text-strikethrough-none\" style=\"color: #ffffff;\">Elaborados tendo como base as Macro \u00c1reas, que s\u00e3o a uni\u00e3o de diversas \u00e1reas com afinidades de localiza\u00e7\u00e3o.<\/span><\/p>[\/et_pb_blurb][et_pb_gallery gallery_ids=&#8221;99,220,102,101,219&#8243; fullwidth=&#8221;on&#8221; _builder_version=&#8221;4.22.0&#8243; _module_preset=&#8221;default&#8221; auto=&#8221;on&#8221; auto_speed=&#8221;3500&#8243; global_colors_info=&#8221;{}&#8221;][\/et_pb_gallery][et_pb_blurb title=&#8221;Desenhos Gen\u00e9ricos&#8221; _builder_version=&#8221;4.22.0&#8243; _module_preset=&#8221;default&#8221; header_font=&#8221;|700|||||||&#8221; header_text_color=&#8221;#EDF000&#8243; global_colors_info=&#8221;{}&#8221;]<p class=\"_04xlpA direction-ltr align-start para-style-body\" style=\"text-align: justify;\"><span class=\"WdYUQQ text-decoration-none text-strikethrough-none\" style=\"color: #ffffff;\">S\u00e3o desenhos representando a maioria das \u00e1reas, e demonstram o programa de necessidades de cada sala com mobili\u00e1rio, sistemas e instala\u00e7\u00f5es necess\u00e1rios.<\/span><\/p>[\/et_pb_blurb][et_pb_image src=&#8221;http:\/\/dpseventos.com.br\/wp-content\/uploads\/2023\/08\/Projetos-2.png&#8221; title_text=&#8221;Projetos (2)&#8221; align=&#8221;center&#8221; _builder_version=&#8221;4.22.0&#8243; _module_preset=&#8221;default&#8221; global_colors_info=&#8221;{}&#8221;][\/et_pb_image][\/et_pb_column][\/et_pb_row][\/et_pb_section][et_pb_section fb_built=&#8221;1&#8243; _builder_version=&#8221;4.22.0&#8243; _module_preset=&#8221;default&#8221; background_color=&#8221;#d6cdba&#8221; background_enable_image=&#8221;off&#8221; background_size=&#8221;custom&#8221; background_image_width=&#8221;11%&#8221; background_position=&#8221;bottom_left&#8221; background_repeat=&#8221;repeat-x&#8221; background_enable_pattern_style=&#8221;on&#8221; background_pattern_style=&#8221;ogees&#8221; background_pattern_size=&#8221;custom&#8221; background_pattern_width=&#8221;5px&#8221; custom_padding=&#8221;71px|||||&#8221; global_colors_info=&#8221;{}&#8221;][et_pb_row _builder_version=&#8221;4.22.0&#8243; _module_preset=&#8221;default&#8221; global_colors_info=&#8221;{}&#8221;][et_pb_column type=&#8221;4_4&#8243; _builder_version=&#8221;4.22.0&#8243; _module_preset=&#8221;default&#8221; global_colors_info=&#8221;{}&#8221;][et_pb_text _builder_version=&#8221;4.22.0&#8243; _module_preset=&#8221;default&#8221; global_colors_info=&#8221;{}&#8221;]<h3 style=\"text-align: center;\"><strong><span style=\"color: #ff6600;\">Desenvolvimentos e <\/span><\/strong><strong><span style=\"color: #ff6600;\">Atendimentos<\/span><\/strong><\/h3>[\/et_pb_text][\/et_pb_column][\/et_pb_row][et_pb_row _builder_version=&#8221;4.22.0&#8243; _module_preset=&#8221;default&#8221; column_structure=&#8221;1_2,1_2&#8243;][et_pb_column _builder_version=&#8221;4.22.0&#8243; _module_preset=&#8221;default&#8221; type=&#8221;1_2&#8243;][et_pb_image src=&#8221;https:\/\/dpseventos.com.br\/wp-content\/uploads\/2024\/10\/d1-2.jpeg&#8221; _builder_version=&#8221;4.22.0&#8243; _module_preset=&#8221;default&#8221; title_text=&#8221;d1 (2)&#8221; hover_enabled=&#8221;0&#8243; sticky_enabled=&#8221;0&#8243;][\/et_pb_image][\/et_pb_column][et_pb_column _builder_version=&#8221;4.22.0&#8243; _module_preset=&#8221;default&#8221; type=&#8221;1_2&#8243;][et_pb_image src=&#8221;https:\/\/dpseventos.com.br\/wp-content\/uploads\/2024\/10\/d1-1.jpeg&#8221; _builder_version=&#8221;4.22.0&#8243; _module_preset=&#8221;default&#8221; title_text=&#8221;d1 (1)&#8221; hover_enabled=&#8221;0&#8243; sticky_enabled=&#8221;0&#8243;][\/et_pb_image][\/et_pb_column][\/et_pb_row][et_pb_row column_structure=&#8221;1_4,1_4,1_4,1_4&#8243; _builder_version=&#8221;4.22.0&#8243; _module_preset=&#8221;default&#8221; global_colors_info=&#8221;{}&#8221;][et_pb_column type=&#8221;1_4&#8243; _builder_version=&#8221;4.22.0&#8243; _module_preset=&#8221;default&#8221; global_colors_info=&#8221;{}&#8221;][et_pb_text _builder_version=&#8221;4.22.0&#8243; _module_preset=&#8221;default&#8221; global_colors_info=&#8221;{}&#8221;]<h5 style=\"text-align: center;\"><span style=\"color: #ffffff;\"><strong>Edi\u00e7\u00e3o 2024<\/strong><\/span><\/h5>[\/et_pb_text][et_pb_image src=&#8221;https:\/\/dpseventos.com.br\/wp-content\/uploads\/2024\/10\/IV.png&#8221; title_text=&#8221;IV&#8221; align=&#8221;center&#8221; _builder_version=&#8221;4.22.0&#8243; _module_preset=&#8221;default&#8221; global_colors_info=&#8221;{}&#8221;][\/et_pb_image][\/et_pb_column][et_pb_column type=&#8221;1_4&#8243; _builder_version=&#8221;4.22.0&#8243; _module_preset=&#8221;default&#8221; global_colors_info=&#8221;{}&#8221;][et_pb_text _builder_version=&#8221;4.22.0&#8243; _module_preset=&#8221;default&#8221; global_colors_info=&#8221;{}&#8221;]<h5 style=\"text-align: center;\"><span style=\"color: #ffffff;\"><strong>Edi\u00e7\u00e3o 2023<\/strong><\/span><\/h5>[\/et_pb_text][et_pb_image src=&#8221;http:\/\/dpseventos.com.br\/wp-content\/uploads\/2023\/08\/4-1.jpg&#8221; title_text=&#8221;4&#8243; align=&#8221;center&#8221; _builder_version=&#8221;4.22.0&#8243; _module_preset=&#8221;default&#8221; global_colors_info=&#8221;{}&#8221;][\/et_pb_image][\/et_pb_column][et_pb_column type=&#8221;1_4&#8243; _builder_version=&#8221;4.22.0&#8243; _module_preset=&#8221;default&#8221; global_colors_info=&#8221;{}&#8221;][et_pb_text _builder_version=&#8221;4.22.0&#8243; _module_preset=&#8221;default&#8221; global_colors_info=&#8221;{}&#8221;]<h5 style=\"text-align: center;\"><span style=\"color: #ffffff;\"><strong>Edi\u00e7\u00e3o 2022<\/strong><\/span><\/h5>[\/et_pb_text][et_pb_image src=&#8221;http:\/\/dpseventos.com.br\/wp-content\/uploads\/2023\/08\/fgc.png&#8221; title_text=&#8221;fgc&#8221; align=&#8221;center&#8221; _builder_version=&#8221;4.22.0&#8243; _module_preset=&#8221;default&#8221; global_colors_info=&#8221;{}&#8221;][\/et_pb_image][\/et_pb_column][et_pb_column type=&#8221;1_4&#8243; _builder_version=&#8221;4.22.0&#8243; _module_preset=&#8221;default&#8221; global_colors_info=&#8221;{}&#8221;][et_pb_text _builder_version=&#8221;4.22.0&#8243; _module_preset=&#8221;default&#8221; global_colors_info=&#8221;{}&#8221;]<h5 style=\"text-align: center;\"><span style=\"color: #ffffff;\"><strong>Edi\u00e7\u00e32021<\/strong><\/span><\/h5>[\/et_pb_text][et_pb_image src=&#8221;http:\/\/dpseventos.com.br\/wp-content\/uploads\/2023\/08\/fgc4.png&#8221; title_text=&#8221;fgc4&#8243; align=&#8221;center&#8221; _builder_version=&#8221;4.22.0&#8243; _module_preset=&#8221;default&#8221; global_colors_info=&#8221;{}&#8221;][\/et_pb_image][\/et_pb_column][\/et_pb_row][et_pb_row column_structure=&#8221;1_4,1_4,1_4,1_4&#8243; _builder_version=&#8221;4.22.0&#8243; _module_preset=&#8221;default&#8221; custom_margin=&#8221;0px|auto||auto||&#8221; global_colors_info=&#8221;{}&#8221;][et_pb_column type=&#8221;1_4&#8243; _builder_version=&#8221;4.22.0&#8243; _module_preset=&#8221;default&#8221; global_colors_info=&#8221;{}&#8221;][et_pb_image src=&#8221;http:\/\/dpseventos.com.br\/wp-content\/uploads\/2023\/08\/oj.png&#8221; title_text=&#8221;oj&#8221; align=&#8221;center&#8221; _builder_version=&#8221;4.22.0&#8243; _module_preset=&#8221;default&#8221; global_colors_info=&#8221;{}&#8221;][\/et_pb_image][\/et_pb_column][et_pb_column type=&#8221;1_4&#8243; _builder_version=&#8221;4.22.0&#8243; _module_preset=&#8221;default&#8221; global_colors_info=&#8221;{}&#8221;][et_pb_image src=&#8221;http:\/\/dpseventos.com.br\/wp-content\/uploads\/2023\/08\/Festival_Caranguejo.jpg&#8221; title_text=&#8221;Festival_Caranguejo&#8221; align=&#8221;center&#8221; _builder_version=&#8221;4.22.0&#8243; _module_preset=&#8221;default&#8221; global_colors_info=&#8221;{}&#8221;][\/et_pb_image][\/et_pb_column][et_pb_column type=&#8221;1_4&#8243; _builder_version=&#8221;4.22.0&#8243; _module_preset=&#8221;default&#8221; global_colors_info=&#8221;{}&#8221;][et_pb_image src=&#8221;http:\/\/dpseventos.com.br\/wp-content\/uploads\/2023\/08\/caicara.png&#8221; title_text=&#8221;caicara&#8221; align=&#8221;center&#8221; _builder_version=&#8221;4.22.0&#8243; _module_preset=&#8221;default&#8221; global_colors_info=&#8221;{}&#8221;][\/et_pb_image][\/et_pb_column][et_pb_column type=&#8221;1_4&#8243; _builder_version=&#8221;4.22.0&#8243; _module_preset=&#8221;default&#8221; global_colors_info=&#8221;{}&#8221;][et_pb_image src=&#8221;http:\/\/dpseventos.com.br\/wp-content\/uploads\/2023\/08\/vrs3.png&#8221; title_text=&#8221;vrs3&#8243; align=&#8221;center&#8221; _builder_version=&#8221;4.22.0&#8243; _module_preset=&#8221;default&#8221; global_colors_info=&#8221;{}&#8221;][\/et_pb_image][\/et_pb_column][\/et_pb_row][\/et_pb_section][et_pb_section fb_built=&#8221;1&#8243; _builder_version=&#8221;4.22.0&#8243; _module_preset=&#8221;default&#8221; background_color=&#8221;#7f786e&#8221; background_enable_pattern_style=&#8221;on&#8221; background_pattern_style=&#8221;ogees&#8221; background_pattern_size=&#8221;custom&#8221; background_pattern_width=&#8221;5px&#8221; background_pattern_repeat_origin=&#8221;center&#8221; global_colors_info=&#8221;{}&#8221;][et_pb_row column_structure=&#8221;1_4,1_4,1_4,1_4&#8243; _builder_version=&#8221;4.22.0&#8243; _module_preset=&#8221;default&#8221; global_colors_info=&#8221;{}&#8221;][et_pb_column type=&#8221;1_4&#8243; _builder_version=&#8221;4.22.0&#8243; _module_preset=&#8221;default&#8221; global_colors_info=&#8221;{}&#8221;][et_pb_icon font_icon=&#8221;&#xf87b;||fa||900&#8243; icon_color=&#8221;#EDF000&#8243; icon_width=&#8221;62px&#8221; _builder_version=&#8221;4.22.0&#8243; _module_preset=&#8221;default&#8221; global_colors_info=&#8221;{}&#8221;][\/et_pb_icon][et_pb_text _builder_version=&#8221;4.22.0&#8243; _module_preset=&#8221;default&#8221; global_colors_info=&#8221;{}&#8221;]<h3 style=\"text-align: center;\"><span style=\"color: #ffffff;\">+55 (41) 99669-0808<\/span><\/h3>[\/et_pb_text][\/et_pb_column][et_pb_column type=&#8221;1_4&#8243; _builder_version=&#8221;4.22.0&#8243; _module_preset=&#8221;default&#8221; global_colors_info=&#8221;{}&#8221;][et_pb_icon font_icon=&#8221;&#xe010;||divi||400&#8243; icon_color=&#8221;#EDF000&#8243; icon_width=&#8221;56px&#8221; _builder_version=&#8221;4.22.0&#8243; _module_preset=&#8221;default&#8221; global_colors_info=&#8221;{}&#8221;][\/et_pb_icon][et_pb_text _builder_version=&#8221;4.22.0&#8243; _module_preset=&#8221;default&#8221; text_font_size=&#8221;18px&#8221; global_colors_info=&#8221;{}&#8221;]<p style=\"text-align: center;\"><span style=\"color: #ffffff;\">adpseventos@gmail.com<\/span><\/p>[\/et_pb_text][\/et_pb_column][et_pb_column type=&#8221;1_4&#8243; _builder_version=&#8221;4.22.0&#8243; _module_preset=&#8221;default&#8221; global_colors_info=&#8221;{}&#8221;][et_pb_icon font_icon=&#8221;&#xe09a;||divi||400&#8243; icon_color=&#8221;#EDF000&#8243; icon_width=&#8221;54px&#8221; url=&#8221;https:\/\/www.instagram.com\/gastronomiacaicara\/&#8221; url_new_window=&#8221;on&#8221; _builder_version=&#8221;4.22.0&#8243; _module_preset=&#8221;default&#8221; global_colors_info=&#8221;{}&#8221;][\/et_pb_icon][et_pb_text _builder_version=&#8221;4.22.0&#8243; _module_preset=&#8221;default&#8221; global_colors_info=&#8221;{}&#8221;]<h3 style=\"text-align: center;\"><span style=\"color: #ffffff;\">@dpseventos<\/span><\/h3>[\/et_pb_text][\/et_pb_column][et_pb_column type=&#8221;1_4&#8243; _builder_version=&#8221;4.22.0&#8243; _module_preset=&#8221;default&#8221; global_colors_info=&#8221;{}&#8221;][et_pb_icon font_icon=&#8221;&#xf041;||fa||900&#8243; icon_color=&#8221;#EDF000&#8243; icon_width=&#8221;55px&#8221; _builder_version=&#8221;4.22.0&#8243; _module_preset=&#8221;default&#8221; global_colors_info=&#8221;{}&#8221;][\/et_pb_icon][et_pb_text _builder_version=&#8221;4.22.0&#8243; _module_preset=&#8221;default&#8221; global_colors_info=&#8221;{}&#8221;]<h3 style=\"text-align: center;\"><span style=\"color: #ffffff;\">DPS Eventos Ltda<\/span><\/h3>\n<h3 style=\"text-align: center;\"><span style=\"color: #ffffff;\">Rua da Paz 484, loja C<\/span><\/h3>\n<h3 style=\"text-align: center;\"><span style=\"color: #ffffff;\">Curitiba &#8211; PR<\/span><\/h3>[\/et_pb_text][\/et_pb_column][\/et_pb_row][\/et_pb_section][et_pb_section fb_built=&#8221;1&#8243; fullwidth=&#8221;on&#8221; _builder_version=&#8221;4.22.0&#8243; _module_preset=&#8221;default&#8221; global_colors_info=&#8221;{}&#8221;][et_pb_fullwidth_image title_text=&#8221;s2&#8243; _builder_version=&#8221;4.22.0&#8243; _module_preset=&#8221;default&#8221; global_colors_info=&#8221;{}&#8221;][\/et_pb_fullwidth_image][\/et_pb_section]\n","protected":false},"excerpt":{"rendered":"<p>Servi\u00e7os EspecializadosSomos uma empresa que desenvolve projetos, experi\u00eancias \u00fanicas para cada cliente, desde a parte de cria\u00e7\u00e3o at\u00e9 o produto final. Nossa miss\u00e3o \u00e9 atender com qualidade as necessidades do projeto proposto, atuando sempre na busca de novas tecnologias, com solu\u00e7\u00f5es pr\u00e1ticas e criativas e com o comprometimento para a conquista dos resultados esperados.Desenvolvemos projetos [&hellip;]<\/p>\n","protected":false},"author":1,"featured_media":0,"parent":0,"menu_order":0,"comment_status":"closed","ping_status":"closed","template":"","meta":{"_et_pb_use_builder":"on","_et_pb_old_content":"","_et_gb_content_width":"","footnotes":""},"class_list":["post-46","page","type-page","status-publish","hentry"],"_links":{"self":[{"href":"https:\/\/dpseventos.com.br\/index.php?rest_route=\/wp\/v2\/pages\/46","targetHints":{"allow":["GET"]}}],"collection":[{"href":"https:\/\/dpseventos.com.br\/index.php?rest_route=\/wp\/v2\/pages"}],"about":[{"href":"https:\/\/dpseventos.com.br\/index.php?rest_route=\/wp\/v2\/types\/page"}],"author":[{"embeddable":true,"href":"https:\/\/dpseventos.com.br\/index.php?rest_route=\/wp\/v2\/users\/1"}],"replies":[{"embeddable":true,"href":"https:\/\/dpseventos.com.br\/index.php?rest_route=%2Fwp%2Fv2%2Fcomments&post=46"}],"version-history":[{"count":63,"href":"https:\/\/dpseventos.com.br\/index.php?rest_route=\/wp\/v2\/pages\/46\/revisions"}],"predecessor-version":[{"id":956,"href":"https:\/\/dpseventos.com.br\/index.php?rest_route=\/wp\/v2\/pages\/46\/revisions\/956"}],"wp:attachment":[{"href":"https:\/\/dpseventos.com.br\/index.php?rest_route=%2Fwp%2Fv2%2Fmedia&parent=46"}],"curies":[{"name":"wp","href":"https:\/\/api.w.org\/{rel}","templated":true}]}}